{"id":5416,"date":"2023-09-19T12:57:33","date_gmt":"2023-09-19T10:57:33","guid":{"rendered":"https:\/\/eypar.com\/declaracion-de-subvencion\/"},"modified":"2024-10-03T12:56:44","modified_gmt":"2024-10-03T10:56:44","slug":"declaracion-de-subvencion","status":"publish","type":"page","link":"https:\/\/eypar.com\/ca\/declaracion-de-subvencion\/","title":{"rendered":"Declaraci\u00f3n de subvenci\u00f3n"},"content":{"rendered":"<p>[et_pb_section fb_built=&#8221;1&#8243; _builder_version=&#8221;4.27.0&#8243; _module_preset=&#8221;default&#8221; custom_padding=&#8221;||45px||false|false&#8221; hover_enabled=&#8221;0&#8243; global_colors_info=&#8221;{}&#8221; sticky_enabled=&#8221;0&#8243;][et_pb_row _builder_version=&#8221;4.27.0&#8243; _module_preset=&#8221;default&#8221; hover_enabled=&#8221;0&#8243; global_colors_info=&#8221;{}&#8221; custom_padding=&#8221;60px||||false|false&#8221; custom_padding_last_edited=&#8221;on|phone&#8221; sticky_enabled=&#8221;0&#8243; custom_padding_phone=&#8221;90px||||false|false&#8221; width=&#8221;100%&#8221; max_width=&#8221;90%&#8221; max_width_last_edited=&#8221;on|tablet&#8221; width_last_edited=&#8221;on|phone&#8221; max_width_tablet=&#8221;90%&#8221; width_tablet=&#8221;100%&#8221; custom_padding_tablet=&#8221;60px||||false|false&#8221; max_width_phone=&#8221;90%&#8221; width_phone=&#8221;100%&#8221;][et_pb_column type=&#8221;4_4&#8243; _builder_version=&#8221;4.20.2&#8243; _module_preset=&#8221;default&#8221; global_colors_info=&#8221;{}&#8221;][et_pb_image src=&#8221;https:\/\/eypar.com\/wp-content\/uploads\/2023\/09\/INCENTIVOS-A-LA-CONTRATACION-DE-PERSONAS-JOVENES-INSCRITAS-EN-EL-SISTEMA-NACIONAL-DE-GARANTIA-JUVENIL-EN-GALICIA2023-.jpg&#8221; alt=&#8221;INCENTIVOS A LA CONTRATACI\u00d3N DE PERSONAS J\u00d3VENES INSCRITAS EN EL SISTEMA NACIONAL DE GARANT\u00cdA JUVENIL EN GALICIA2023&#8243; title_text=&#8221;INCENTIVOS A LA CONTRATACI\u00d3N DE PERSONAS J\u00d3VENES INSCRITAS EN EL SISTEMA NACIONAL DE GARANT\u00cdA JUVENIL EN GALICIA2023&#8243; align=&#8221;center&#8221; disabled_on=&#8221;on|on|on&#8221; _builder_version=&#8221;4.20.2&#8243; _module_preset=&#8221;default&#8221; disabled=&#8221;on&#8221; global_colors_info=&#8221;{}&#8221;][\/et_pb_image][et_pb_image src=&#8221;https:\/\/eypar.com\/wp-content\/uploads\/2024\/10\/cartel-instalacion-solar-fotovoltaica-scaled.jpg&#8221; alt=&#8221;cartel&#8221; title_text=&#8221;cartel-instalacion-solar-fotovoltaica&#8221; align=&#8221;center&#8221; _builder_version=&#8221;4.27.0&#8243; _module_preset=&#8221;default&#8221; hover_enabled=&#8221;0&#8243; global_colors_info=&#8221;{}&#8221; max_width=&#8221;61%&#8221; max_width_last_edited=&#8221;on|phone&#8221; sticky_enabled=&#8221;0&#8243; max_width_tablet=&#8221;100%&#8221; max_width_phone=&#8221;100%&#8221;][\/et_pb_image][\/et_pb_column][\/et_pb_row][\/et_pb_section]<\/p>\n","protected":false},"excerpt":{"rendered":"","protected":false},"author":1,"featured_media":0,"parent":0,"menu_order":0,"comment_status":"closed","ping_status":"closed","template":"","meta":{"_acf_changed":false,"_et_pb_use_builder":"on","_et_pb_old_content":"","_et_gb_content_width":"","footnotes":""},"class_list":["post-5416","page","type-page","status-publish","hentry"],"acf":[],"yoast_head":"<!-- This site is optimized with the Yoast SEO plugin v25.2 - https:\/\/yoast.com\/wordpress\/plugins\/seo\/ -->\n<title>Declaraci\u00f3n de subvenci\u00f3n - EYPAR<\/title>\n<meta name=\"robots\" content=\"index, follow, max-snippet:-1, max-image-preview:large, max-video-preview:-1\" \/>\n<link rel=\"canonical\" href=\"https:\/\/eypar.com\/ca\/declaracion-de-subvencion\/\" \/>\n<meta property=\"og:locale\" content=\"ca_ES\" \/>\n<meta property=\"og:type\" content=\"article\" \/>\n<meta property=\"og:title\" content=\"Declaraci\u00f3n de subvenci\u00f3n - EYPAR\" \/>\n<meta property=\"og:url\" content=\"https:\/\/eypar.com\/ca\/declaracion-de-subvencion\/\" \/>\n<meta property=\"og:site_name\" content=\"EYPAR\" \/>\n<meta property=\"article:modified_time\" content=\"2024-10-03T10:56:44+00:00\" \/>\n<meta name=\"twitter:card\" content=\"summary_large_image\" \/>\n<meta name=\"twitter:label1\" content=\"Temps estimat de lectura\" \/>\n\t<meta name=\"twitter:data1\" content=\"1 minut\" \/>\n<script type=\"application\/ld+json\" class=\"yoast-schema-graph\">{\"@context\":\"https:\/\/schema.org\",\"@graph\":[{\"@type\":\"WebPage\",\"@id\":\"https:\/\/eypar.com\/ca\/declaracion-de-subvencion\/\",\"url\":\"https:\/\/eypar.com\/ca\/declaracion-de-subvencion\/\",\"name\":\"Declaraci\u00f3n de subvenci\u00f3n - EYPAR\",\"isPartOf\":{\"@id\":\"https:\/\/eypar.com\/#website\"},\"datePublished\":\"2023-09-19T10:57:33+00:00\",\"dateModified\":\"2024-10-03T10:56:44+00:00\",\"breadcrumb\":{\"@id\":\"https:\/\/eypar.com\/ca\/declaracion-de-subvencion\/#breadcrumb\"},\"inLanguage\":\"ca\",\"potentialAction\":[{\"@type\":\"ReadAction\",\"target\":[\"https:\/\/eypar.com\/ca\/declaracion-de-subvencion\/\"]}]},{\"@type\":\"BreadcrumbList\",\"@id\":\"https:\/\/eypar.com\/ca\/declaracion-de-subvencion\/#breadcrumb\",\"itemListElement\":[{\"@type\":\"ListItem\",\"position\":1,\"name\":\"Inicio\",\"item\":\"https:\/\/eypar.com\/ca\/\"},{\"@type\":\"ListItem\",\"position\":2,\"name\":\"Declaraci\u00f3n de subvenci\u00f3n\"}]},{\"@type\":\"WebSite\",\"@id\":\"https:\/\/eypar.com\/#website\",\"url\":\"https:\/\/eypar.com\/\",\"name\":\"EYPAR\",\"description\":\"\",\"publisher\":{\"@id\":\"https:\/\/eypar.com\/#organization\"},\"potentialAction\":[{\"@type\":\"SearchAction\",\"target\":{\"@type\":\"EntryPoint\",\"urlTemplate\":\"https:\/\/eypar.com\/?s={search_term_string}\"},\"query-input\":{\"@type\":\"PropertyValueSpecification\",\"valueRequired\":true,\"valueName\":\"search_term_string\"}}],\"inLanguage\":\"ca\"},{\"@type\":\"Organization\",\"@id\":\"https:\/\/eypar.com\/#organization\",\"name\":\"EYPAR\",\"url\":\"https:\/\/eypar.com\/\",\"logo\":{\"@type\":\"ImageObject\",\"inLanguage\":\"ca\",\"@id\":\"https:\/\/eypar.com\/#\/schema\/logo\/image\/\",\"url\":\"https:\/\/eypar.com\/wp-content\/uploads\/2021\/12\/eypar-soluciones-almacenamiento.png\",\"contentUrl\":\"https:\/\/eypar.com\/wp-content\/uploads\/2021\/12\/eypar-soluciones-almacenamiento.png\",\"width\":304,\"height\":74,\"caption\":\"EYPAR\"},\"image\":{\"@id\":\"https:\/\/eypar.com\/#\/schema\/logo\/image\/\"}}]}<\/script>\n<!-- \/ Yoast SEO plugin. -->","yoast_head_json":{"title":"Declaraci\u00f3n de subvenci\u00f3n - EYPAR","robots":{"index":"index","follow":"follow","max-snippet":"max-snippet:-1","max-image-preview":"max-image-preview:large","max-video-preview":"max-video-preview:-1"},"canonical":"https:\/\/eypar.com\/ca\/declaracion-de-subvencion\/","og_locale":"ca_ES","og_type":"article","og_title":"Declaraci\u00f3n de subvenci\u00f3n - EYPAR","og_url":"https:\/\/eypar.com\/ca\/declaracion-de-subvencion\/","og_site_name":"EYPAR","article_modified_time":"2024-10-03T10:56:44+00:00","twitter_card":"summary_large_image","twitter_misc":{"Temps estimat de lectura":"1 minut"},"schema":{"@context":"https:\/\/schema.org","@graph":[{"@type":"WebPage","@id":"https:\/\/eypar.com\/ca\/declaracion-de-subvencion\/","url":"https:\/\/eypar.com\/ca\/declaracion-de-subvencion\/","name":"Declaraci\u00f3n de subvenci\u00f3n - EYPAR","isPartOf":{"@id":"https:\/\/eypar.com\/#website"},"datePublished":"2023-09-19T10:57:33+00:00","dateModified":"2024-10-03T10:56:44+00:00","breadcrumb":{"@id":"https:\/\/eypar.com\/ca\/declaracion-de-subvencion\/#breadcrumb"},"inLanguage":"ca","potentialAction":[{"@type":"ReadAction","target":["https:\/\/eypar.com\/ca\/declaracion-de-subvencion\/"]}]},{"@type":"BreadcrumbList","@id":"https:\/\/eypar.com\/ca\/declaracion-de-subvencion\/#breadcrumb","itemListElement":[{"@type":"ListItem","position":1,"name":"Inicio","item":"https:\/\/eypar.com\/ca\/"},{"@type":"ListItem","position":2,"name":"Declaraci\u00f3n de subvenci\u00f3n"}]},{"@type":"WebSite","@id":"https:\/\/eypar.com\/#website","url":"https:\/\/eypar.com\/","name":"EYPAR","description":"","publisher":{"@id":"https:\/\/eypar.com\/#organization"},"potentialAction":[{"@type":"SearchAction","target":{"@type":"EntryPoint","urlTemplate":"https:\/\/eypar.com\/?s={search_term_string}"},"query-input":{"@type":"PropertyValueSpecification","valueRequired":true,"valueName":"search_term_string"}}],"inLanguage":"ca"},{"@type":"Organization","@id":"https:\/\/eypar.com\/#organization","name":"EYPAR","url":"https:\/\/eypar.com\/","logo":{"@type":"ImageObject","inLanguage":"ca","@id":"https:\/\/eypar.com\/#\/schema\/logo\/image\/","url":"https:\/\/eypar.com\/wp-content\/uploads\/2021\/12\/eypar-soluciones-almacenamiento.png","contentUrl":"https:\/\/eypar.com\/wp-content\/uploads\/2021\/12\/eypar-soluciones-almacenamiento.png","width":304,"height":74,"caption":"EYPAR"},"image":{"@id":"https:\/\/eypar.com\/#\/schema\/logo\/image\/"}}]}},"_links":{"self":[{"href":"https:\/\/eypar.com\/ca\/wp-json\/wp\/v2\/pages\/5416"}],"collection":[{"href":"https:\/\/eypar.com\/ca\/wp-json\/wp\/v2\/pages"}],"about":[{"href":"https:\/\/eypar.com\/ca\/wp-json\/wp\/v2\/types\/page"}],"author":[{"embeddable":true,"href":"https:\/\/eypar.com\/ca\/wp-json\/wp\/v2\/users\/1"}],"replies":[{"embeddable":true,"href":"https:\/\/eypar.com\/ca\/wp-json\/wp\/v2\/comments?post=5416"}],"version-history":[{"count":5,"href":"https:\/\/eypar.com\/ca\/wp-json\/wp\/v2\/pages\/5416\/revisions"}],"predecessor-version":[{"id":5630,"href":"https:\/\/eypar.com\/ca\/wp-json\/wp\/v2\/pages\/5416\/revisions\/5630"}],"wp:attachment":[{"href":"https:\/\/eypar.com\/ca\/wp-json\/wp\/v2\/media?parent=5416"}],"curies":[{"name":"wp","href":"https:\/\/api.w.org\/{rel}","templated":true}]}}