{"id":4291,"date":"2021-12-07T13:23:31","date_gmt":"2021-12-07T13:23:31","guid":{"rendered":"https:\/\/eypar.com\/contacto\/"},"modified":"2022-07-08T12:38:00","modified_gmt":"2022-07-08T12:38:00","slug":"contacto","status":"publish","type":"page","link":"https:\/\/eypar.com\/ca\/contacto\/","title":{"rendered":"Contacte"},"content":{"rendered":"<p>[et_pb_section fb_built=&#8221;1&#8243; custom_padding_last_edited=&#8221;on|phone&#8221; _builder_version=&#8221;4.10.8&#8243; _module_preset=&#8221;default&#8221; use_background_color_gradient=&#8221;on&#8221; background_color_gradient_start=&#8221;#ffffff&#8221; background_color_gradient_end=&#8221;rgba(255,255,255,0.29)&#8221; background_color_gradient_overlays_image=&#8221;on&#8221; background_enable_image=&#8221;off&#8221; background_position=&#8221;top_center&#8221; custom_margin=&#8221;0px||0px||false|false&#8221; custom_padding=&#8221;100px||0px||false|false&#8221; custom_padding_tablet=&#8221;&#8221; custom_padding_phone=&#8221;100px||0px||false|false&#8221; bottom_divider_style=&#8221;none&#8221; bottom_divider_color=&#8221;#FFFFFF&#8221; global_colors_info=&#8221;{}&#8221;][et_pb_row _builder_version=&#8221;4.10.8&#8243; _module_preset=&#8221;default&#8221; width=&#8221;100%&#8221; max_width=&#8221;100%&#8221; custom_margin=&#8221;0px||0px||false|false&#8221; custom_padding=&#8221;0px||0px||false|false&#8221; global_colors_info=&#8221;{}&#8221;][et_pb_column type=&#8221;4_4&#8243; _builder_version=&#8221;4.10.8&#8243; _module_preset=&#8221;default&#8221; global_colors_info=&#8221;{}&#8221;][et_pb_text _builder_version=&#8221;4.10.8&#8243; _module_preset=&#8221;default&#8221; text_font=&#8221;|300|||||||&#8221; text_text_color=&#8221;#272526&#8243; text_font_size=&#8221;24px&#8221; text_line_height=&#8221;1.4em&#8221; header_font=&#8221;|700|||||||&#8221; header_text_color=&#8221;#81BA50&#8243; text_orientation=&#8221;center&#8221; animation_style=&#8221;slide&#8221; animation_direction=&#8221;top&#8221; hover_enabled=&#8221;0&#8243; text_font_size_tablet=&#8221;&#8221; text_font_size_phone=&#8221;19px&#8221; text_font_size_last_edited=&#8221;on|phone&#8221; header_font_size_tablet=&#8221;&#8221; header_font_size_phone=&#8221;40px&#8221; header_font_size_last_edited=&#8221;on|phone&#8221; global_colors_info=&#8221;{}&#8221; sticky_enabled=&#8221;0&#8243;]<\/p>\n<h1>Contacte<\/h1>\n<p>Rep<strong> m\u00e9s informaci\u00f3<\/strong> sobre serveis, productes o qualsevol altra consulta<\/p>\n<p>[\/et_pb_text][\/et_pb_column][\/et_pb_row][\/et_pb_section][et_pb_section fb_built=&#8221;1&#8243; _builder_version=&#8221;4.10.8&#8243; _module_preset=&#8221;default&#8221; custom_margin=&#8221;0px||||false|false&#8221; custom_padding=&#8221;20px||||false|false&#8221; global_colors_info=&#8221;{}&#8221;][et_pb_row column_structure=&#8221;2_5,3_5&#8243; make_equal=&#8221;on&#8221; _builder_version=&#8221;4.10.8&#8243; _module_preset=&#8221;default&#8221; custom_css_main_element=&#8221;align-items:center;&#8221; global_colors_info=&#8221;{}&#8221; custom_css_main_element_last_edited=&#8221;on|tablet&#8221; custom_css_main_element_tablet=&#8221;display: flex;||        flex-direction: column-reverse;&#8221;][et_pb_column type=&#8221;2_5&#8243; _builder_version=&#8221;4.10.8&#8243; _module_preset=&#8221;default&#8221; global_colors_info=&#8221;{}&#8221;][et_pb_blurb title=&#8221;Informaci\u00f3 general&#8221; use_icon=&#8221;on&#8221; font_icon=&#8221;%%79%%&#8221; use_circle=&#8221;on&#8221; circle_color=&#8221;#FFFFFF&#8221; content_max_width=&#8221;100%&#8221; use_icon_font_size=&#8221;on&#8221; icon_font_size=&#8221;25px&#8221; _builder_version=&#8221;4.10.8&#8243; _module_preset=&#8221;default&#8221; header_text_align=&#8221;center&#8221; body_font=&#8221;||||||||&#8221; body_text_align=&#8221;center&#8221; body_font_size=&#8221;14px&#8221; body_line_height=&#8221;1.4em&#8221; background_color=&#8221;#ECECEC&#8221; text_orientation=&#8221;center&#8221; custom_margin=&#8221;||30px||false|false&#8221; custom_padding=&#8221;20px|20px|20px|20px|false|false&#8221; link_option_url_new_window=&#8221;on&#8221; hover_enabled=&#8221;0&#8243; custom_css_blurb_image=&#8221;margin-bottom:10px;&#8221; custom_css_blurb_title=&#8221;margin-bottom:0px;||padding-bottom:5px;&#8221; border_radii=&#8221;on|20px|20px|20px|20px&#8221; global_colors_info=&#8221;{}&#8221; circle_color__hover_enabled=&#8221;on|hover&#8221; circle_color__hover=&#8221;#81BA50&#8243; background__hover_enabled=&#8221;on|hover&#8221; background_color__hover=&#8221;#f4f4f4&#8243; background_enable_color__hover=&#8221;on&#8221; icon_color__hover_enabled=&#8221;on|hover&#8221; icon_color__hover=&#8221;#FFFFFF&#8221; sticky_enabled=&#8221;0&#8243;]<\/p>\n<p>T. 900 507 203<br \/>Email eypar@eypar.com<\/p>\n<p>[\/et_pb_blurb][et_pb_blurb title=&#8221;F\u00e0brica i Oficines&#8221; use_icon=&#8221;on&#8221; font_icon=&#8221;%%144%%&#8221; use_circle=&#8221;on&#8221; circle_color=&#8221;#FFFFFF&#8221; content_max_width=&#8221;100%&#8221; use_icon_font_size=&#8221;on&#8221; icon_font_size=&#8221;25px&#8221; _builder_version=&#8221;4.10.8&#8243; _module_preset=&#8221;default&#8221; header_text_align=&#8221;center&#8221; body_font=&#8221;||||||||&#8221; body_text_align=&#8221;center&#8221; body_font_size=&#8221;14px&#8221; body_line_height=&#8221;1.4em&#8221; background_color=&#8221;#ECECEC&#8221; text_orientation=&#8221;center&#8221; custom_margin=&#8221;||30px||false|false&#8221; custom_padding=&#8221;20px|20px|20px|20px|false|false&#8221; link_option_url=&#8221;https:\/\/goo.gl\/maps\/2f7MaXbpCamKWDZD6&#8243; link_option_url_new_window=&#8221;on&#8221; hover_enabled=&#8221;0&#8243; custom_css_blurb_image=&#8221;margin-bottom:10px;&#8221; custom_css_blurb_title=&#8221;margin-bottom:0px;||padding-bottom:5px;&#8221; border_radii=&#8221;on|20px|20px|20px|20px&#8221; global_colors_info=&#8221;{}&#8221; circle_color__hover_enabled=&#8221;on|hover&#8221; circle_color__hover=&#8221;#81BA50&#8243; background__hover_enabled=&#8221;on|hover&#8221; background_color__hover=&#8221;#f4f4f4&#8243; background_enable_color__hover=&#8221;on&#8221; icon_color__hover_enabled=&#8221;on|hover&#8221; icon_color__hover=&#8221;#FFFFFF&#8221; sticky_enabled=&#8221;0&#8243;]<\/p>\n<p>Ctra. N-547, km 44 &#8211; 15800 Melide (La Coru\u00f1a)<br \/>T. 981 507 203<\/p>\n<p>[\/et_pb_blurb][et_pb_blurb title=&#8221;Barcelona&#8221; use_icon=&#8221;on&#8221; font_icon=&#8221;%%144%%&#8221; use_circle=&#8221;on&#8221; circle_color=&#8221;#FFFFFF&#8221; content_max_width=&#8221;100%&#8221; use_icon_font_size=&#8221;on&#8221; icon_font_size=&#8221;25px&#8221; _builder_version=&#8221;4.10.8&#8243; _module_preset=&#8221;default&#8221; header_text_align=&#8221;center&#8221; body_font=&#8221;||||||||&#8221; body_text_align=&#8221;center&#8221; body_font_size=&#8221;14px&#8221; body_line_height=&#8221;1.4em&#8221; background_color=&#8221;#ECECEC&#8221; text_orientation=&#8221;center&#8221; custom_margin=&#8221;||0px||false|false&#8221; custom_padding=&#8221;20px|20px|20px|20px|false|false&#8221; link_option_url=&#8221;https:\/\/goo.gl\/maps\/JQovFK5dJRmokKo47&#8243; link_option_url_new_window=&#8221;on&#8221; custom_css_blurb_image=&#8221;margin-bottom:10px;&#8221; custom_css_blurb_title=&#8221;margin-bottom:0px;||padding-bottom:5px;&#8221; border_radii=&#8221;on|20px|20px|20px|20px&#8221; global_colors_info=&#8221;{}&#8221; circle_color__hover_enabled=&#8221;on|hover&#8221; circle_color__hover=&#8221;#81BA50&#8243; background__hover_enabled=&#8221;on|hover&#8221; background_color__hover=&#8221;#f4f4f4&#8243; background_enable_color__hover=&#8221;on&#8221; icon_color__hover_enabled=&#8221;on|hover&#8221; icon_color__hover=&#8221;#FFFFFF&#8221;]<\/p>\n<p>Ctra. Santa Creu de Calafell 38 &#8211; Entl. 2do &#8211; 08850 Gav\u00e0<br \/>T. 933 007 331 | eyparbcn@eypar.es<\/p>\n<p>[\/et_pb_blurb][\/et_pb_column][et_pb_column type=&#8221;3_5&#8243; _builder_version=&#8221;4.10.8&#8243; _module_preset=&#8221;default&#8221; global_colors_info=&#8221;{}&#8221;][et_pb_text _builder_version=&#8221;4.10.8&#8243; _module_preset=&#8221;default&#8221; global_colors_info=&#8221;{}&#8221;]\n<div class=\"wpcf7 no-js\" id=\"wpcf7-f4-o1\" lang=\"es-ES\" dir=\"ltr\" data-wpcf7-id=\"4\">\n<div class=\"screen-reader-response\"><p role=\"status\" aria-live=\"polite\" aria-atomic=\"true\"><\/p> <ul><\/ul><\/div>\n<form action=\"\/ca\/wp-json\/wp\/v2\/pages\/4291#wpcf7-f4-o1\" method=\"post\" class=\"wpcf7-form init\" aria-label=\"Formulario de contacto\" novalidate=\"novalidate\" data-status=\"init\">\n<div style=\"display: none;\">\n<input type=\"hidden\" name=\"_wpcf7\" value=\"4\" \/>\n<input type=\"hidden\" name=\"_wpcf7_version\" value=\"6.0.6\" \/>\n<input type=\"hidden\" name=\"_wpcf7_locale\" value=\"es_ES\" \/>\n<input type=\"hidden\" name=\"_wpcf7_unit_tag\" value=\"wpcf7-f4-o1\" \/>\n<input type=\"hidden\" name=\"_wpcf7_container_post\" value=\"0\" \/>\n<input type=\"hidden\" name=\"_wpcf7_posted_data_hash\" value=\"\" \/>\n<\/div>\n<div class=\"form-grupo\">\n\t<p><span class=\"wpcf7-form-control-wrap\" data-name=\"your-name\"><input size=\"40\" maxlength=\"400\" class=\"wpcf7-form-control wpcf7-text\" aria-invalid=\"false\" placeholder=\"Nom i Cognoms\" value=\"\" type=\"text\" name=\"your-name\" \/><\/span>\n\t<\/p>\n<\/div>\n<div class=\"form-grupo\">\n\t<p><span class=\"wpcf7-form-control-wrap\" data-name=\"your-email\"><input size=\"40\" maxlength=\"400\" class=\"wpcf7-form-control wpcf7-email wpcf7-validates-as-required wpcf7-text wpcf7-validates-as-email\" aria-required=\"true\" aria-invalid=\"false\" placeholder=\"Email*\" value=\"\" type=\"email\" name=\"your-email\" \/><\/span>\n\t<\/p>\n<\/div>\n<div class=\"form-grupo\">\n\t<p><span class=\"wpcf7-form-control-wrap\" data-name=\"tel-588\"><input size=\"40\" maxlength=\"400\" class=\"wpcf7-form-control wpcf7-tel wpcf7-text wpcf7-validates-as-tel\" aria-invalid=\"false\" placeholder=\"Tel\u00e8fon\" value=\"\" type=\"tel\" name=\"tel-588\" \/><\/span>\n\t<\/p>\n<\/div>\n<div class=\"form-grupo\">\n\t<p><span class=\"wpcf7-form-control-wrap\" data-name=\"your-message\"><textarea cols=\"40\" rows=\"10\" maxlength=\"2000\" class=\"wpcf7-form-control wpcf7-textarea\" aria-invalid=\"false\" placeholder=\"Missatge*\" name=\"your-message\"><\/textarea><\/span>\n\t<\/p>\n<\/div>\n<div class=\"form-grupo condiciones\">\n\t<p style=\"font-size:12px;line-height:15px;color:#a3a3a3;font-size:300 !important;\"><strong>INFORMACI\u00d3 B\u00c0SICA SOBRE PROTECCI\u00d3 DE DADES<\/strong><br \/>\nEl Responsable del tractament \u00e9s EYPAR S.A. i la finalitat \u00e9s gestionar la vostra sol\u00b7licitud. La base legal del tractament \u00e9s l'execuci\u00f3 d'un contracte\/prestaci\u00f3 de serveis. Les vostres dades no es comunicaran a tercers, excepte per obligaci\u00f3 legal, i es mantindran mentre no sol\u00b7liciteu la cancel\u00b7laci\u00f3. Pot accedir rectificar i suprimir les dades i altres drets segons informaci\u00f3 addicional que podeu consultar aqu\u00ed.\n\t<\/p>\n\t<p><span class=\"wpcf7-form-control-wrap\" data-name=\"acceptance-188\"><span class=\"wpcf7-form-control wpcf7-acceptance\"><span class=\"wpcf7-list-item\"><label><input type=\"checkbox\" name=\"acceptance-188\" value=\"1\" aria-invalid=\"false\" \/><span class=\"wpcf7-list-item-label\">Autoritzo a donar les meves dades per donar resposta a la meva consulta. <a href=\"\/politica-de-privacitat\" target=\"_blank\">Pol\u00edtica de privadesa<\/a> i <a href=\"\/aviso-legal\" target=\"_blank\">Av\u00eds legal<\/a>.<\/span><\/label><\/span><\/span><\/span>\n\t<\/p>\n<\/div>\n<div class=\"form-grupo\" style=\"padding-top:20px;\">\n\t<p><input class=\"wpcf7-form-control wpcf7-submit has-spinner\" type=\"submit\" value=\"Enviar\" \/>\n\t<\/p>\n<\/div><div class=\"wpcf7-response-output\" aria-hidden=\"true\"><\/div>\n<\/form>\n<\/div>\n[\/et_pb_text][\/et_pb_column][\/et_pb_row][\/et_pb_section]<\/p>\n","protected":false},"excerpt":{"rendered":"<p>Contacte Rep m\u00e9s informaci\u00f3 sobre serveis, productes o qualsevol altra consultaT. 900 507 203Email eypar@eypar.comCtra. N-547, km 44 &#8211; 15800 Melide (La Coru\u00f1a)T. 981 507 203Ctra. Santa Creu de Calafell 38 &#8211; Entl. 2do &#8211; 08850 Gav\u00e0T. 933 007 331 | eyparbcn@eypar.es\n<div class=\"wpcf7 no-js\" id=\"wpcf7-f4-o2\" lang=\"es-ES\" dir=\"ltr\" data-wpcf7-id=\"4\">\n<div class=\"screen-reader-response\"><p role=\"status\" aria-live=\"polite\" aria-atomic=\"true\"><\/p> <ul><\/ul><\/div>\n<form action=\"\/ca\/wp-json\/wp\/v2\/pages\/4291#wpcf7-f4-o2\" method=\"post\" class=\"wpcf7-form init\" aria-label=\"Formulario de contacto\" novalidate=\"novalidate\" data-status=\"init\">\n<div style=\"display: none;\">\n<input type=\"hidden\" name=\"_wpcf7\" value=\"4\" \/>\n<input type=\"hidden\" name=\"_wpcf7_version\" value=\"6.0.6\" \/>\n<input type=\"hidden\" name=\"_wpcf7_locale\" value=\"es_ES\" \/>\n<input type=\"hidden\" name=\"_wpcf7_unit_tag\" value=\"wpcf7-f4-o2\" \/>\n<input type=\"hidden\" name=\"_wpcf7_container_post\" value=\"0\" \/>\n<input type=\"hidden\" name=\"_wpcf7_posted_data_hash\" value=\"\" \/>\n<\/div>\n<div class=\"form-grupo\">\n\t<p><span class=\"wpcf7-form-control-wrap\" data-name=\"your-name\"><input size=\"40\" maxlength=\"400\" class=\"wpcf7-form-control wpcf7-text\" aria-invalid=\"false\" placeholder=\"Nom i Cognoms\" value=\"\" type=\"text\" name=\"your-name\" \/><\/span>\n\t<\/p>\n<\/div>\n<div class=\"form-grupo\">\n\t<p><span class=\"wpcf7-form-control-wrap\" data-name=\"your-email\"><input size=\"40\" maxlength=\"400\" class=\"wpcf7-form-control wpcf7-email wpcf7-validates-as-required wpcf7-text wpcf7-validates-as-email\" aria-required=\"true\" aria-invalid=\"false\" placeholder=\"Email*\" value=\"\" type=\"email\" name=\"your-email\" \/><\/span>\n\t<\/p>\n<\/div>\n<div class=\"form-grupo\">\n\t<p><span class=\"wpcf7-form-control-wrap\" data-name=\"tel-588\"><input size=\"40\" maxlength=\"400\" class=\"wpcf7-form-control wpcf7-tel wpcf7-text wpcf7-validates-as-tel\" aria-invalid=\"false\" placeholder=\"Tel\u00e8fon\" value=\"\" type=\"tel\" name=\"tel-588\" \/><\/span>\n\t<\/p>\n<\/div>\n<div class=\"form-grupo\">\n\t<p><span class=\"wpcf7-form-control-wrap\" data-name=\"your-message\"><textarea cols=\"40\" rows=\"10\" maxlength=\"2000\" class=\"wpcf7-form-control wpcf7-textarea\" aria-invalid=\"false\" placeholder=\"Missatge*\" name=\"your-message\"><\/textarea><\/span>\n\t<\/p>\n<\/div>\n<div class=\"form-grupo condiciones\">\n\t<p style=\"font-size:12px;line-height:15px;color:#a3a3a3;font-size:300 !important;\"><strong>INFORMACI\u00d3 B\u00c0SICA SOBRE PROTECCI\u00d3 DE DADES<\/strong><br \/>\nEl Responsable del tractament \u00e9s EYPAR S.A. i la finalitat \u00e9s gestionar la vostra sol\u00b7licitud. La base legal del tractament \u00e9s l'execuci\u00f3 d'un contracte\/prestaci\u00f3 de serveis. Les vostres dades no es comunicaran a tercers, excepte per obligaci\u00f3 legal, i es mantindran mentre no sol\u00b7liciteu la cancel\u00b7laci\u00f3. Pot accedir rectificar i suprimir les dades i altres drets segons informaci\u00f3 addicional que podeu consultar aqu\u00ed.\n\t<\/p>\n\t<p><span class=\"wpcf7-form-control-wrap\" data-name=\"acceptance-188\"><span class=\"wpcf7-form-control wpcf7-acceptance\"><span class=\"wpcf7-list-item\"><label><input type=\"checkbox\" name=\"acceptance-188\" value=\"1\" aria-invalid=\"false\" \/><span class=\"wpcf7-list-item-label\">Autoritzo a donar les meves dades per donar resposta a la meva consulta. <a href=\"\/politica-de-privacitat\" target=\"_blank\">Pol\u00edtica de privadesa<\/a> i <a href=\"\/aviso-legal\" target=\"_blank\">Av\u00eds legal<\/a>.<\/span><\/label><\/span><\/span><\/span>\n\t<\/p>\n<\/div>\n<div class=\"form-grupo\" style=\"padding-top:20px;\">\n\t<p><input class=\"wpcf7-form-control wpcf7-submit has-spinner\" type=\"submit\" value=\"Enviar\" \/>\n\t<\/p>\n<\/div><div class=\"wpcf7-response-output\" aria-hidden=\"true\"><\/div>\n<\/form>\n<\/div>\n<\/p>\n","protected":false},"author":1,"featured_media":0,"parent":0,"menu_order":0,"comment_status":"closed","ping_status":"closed","template":"","meta":{"_acf_changed":false,"_et_pb_use_builder":"on","_et_pb_old_content":"","_et_gb_content_width":"","footnotes":""},"class_list":["post-4291","page","type-page","status-publish","hentry"],"acf":[],"yoast_head":"<!-- This site is optimized with the Yoast SEO plugin v25.2 - https:\/\/yoast.com\/wordpress\/plugins\/seo\/ -->\n<title>Contacte - EYPAR<\/title>\n<meta name=\"robots\" content=\"index, follow, max-snippet:-1, max-image-preview:large, max-video-preview:-1\" \/>\n<link rel=\"canonical\" href=\"https:\/\/eypar.com\/contacto\/?lang=ca\" \/>\n<meta property=\"og:locale\" content=\"ca_ES\" \/>\n<meta property=\"og:type\" content=\"article\" \/>\n<meta property=\"og:title\" content=\"Contacte - EYPAR\" \/>\n<meta property=\"og:description\" content=\"Contacte Rep m\u00e9s informaci\u00f3 sobre serveis, productes o qualsevol altra consultaT. 900 507 203Email eypar@eypar.comCtra. N-547, km 44 - 15800 Melide (La Coru\u00f1a)T. 981 507 203Ctra. Santa Creu de Calafell 38 - Entl. 2do - 08850 Gav\u00e0T. 933 007 331 | eyparbcn@eypar.es\" \/>\n<meta property=\"og:url\" content=\"https:\/\/eypar.com\/contacto\/?lang=ca\" \/>\n<meta property=\"og:site_name\" content=\"EYPAR\" \/>\n<meta property=\"article:modified_time\" content=\"2022-07-08T12:38:00+00:00\" \/>\n<meta name=\"twitter:card\" content=\"summary_large_image\" \/>\n<meta name=\"twitter:label1\" content=\"Temps estimat de lectura\" \/>\n\t<meta name=\"twitter:data1\" content=\"4 minuts\" \/>\n<script type=\"application\/ld+json\" class=\"yoast-schema-graph\">{\"@context\":\"https:\/\/schema.org\",\"@graph\":[{\"@type\":\"WebPage\",\"@id\":\"https:\/\/eypar.com\/contacto\/?lang=ca\",\"url\":\"https:\/\/eypar.com\/contacto\/?lang=ca\",\"name\":\"Contacte - EYPAR\",\"isPartOf\":{\"@id\":\"https:\/\/eypar.com\/#website\"},\"datePublished\":\"2021-12-07T13:23:31+00:00\",\"dateModified\":\"2022-07-08T12:38:00+00:00\",\"breadcrumb\":{\"@id\":\"https:\/\/eypar.com\/contacto\/?lang=ca#breadcrumb\"},\"inLanguage\":\"ca\",\"potentialAction\":[{\"@type\":\"ReadAction\",\"target\":[\"https:\/\/eypar.com\/contacto\/?lang=ca\"]}]},{\"@type\":\"BreadcrumbList\",\"@id\":\"https:\/\/eypar.com\/contacto\/?lang=ca#breadcrumb\",\"itemListElement\":[{\"@type\":\"ListItem\",\"position\":1,\"name\":\"Inicio\",\"item\":\"https:\/\/eypar.com\/ca\/\"},{\"@type\":\"ListItem\",\"position\":2,\"name\":\"Contacte\"}]},{\"@type\":\"WebSite\",\"@id\":\"https:\/\/eypar.com\/#website\",\"url\":\"https:\/\/eypar.com\/\",\"name\":\"EYPAR\",\"description\":\"\",\"publisher\":{\"@id\":\"https:\/\/eypar.com\/#organization\"},\"potentialAction\":[{\"@type\":\"SearchAction\",\"target\":{\"@type\":\"EntryPoint\",\"urlTemplate\":\"https:\/\/eypar.com\/?s={search_term_string}\"},\"query-input\":{\"@type\":\"PropertyValueSpecification\",\"valueRequired\":true,\"valueName\":\"search_term_string\"}}],\"inLanguage\":\"ca\"},{\"@type\":\"Organization\",\"@id\":\"https:\/\/eypar.com\/#organization\",\"name\":\"EYPAR\",\"url\":\"https:\/\/eypar.com\/\",\"logo\":{\"@type\":\"ImageObject\",\"inLanguage\":\"ca\",\"@id\":\"https:\/\/eypar.com\/#\/schema\/logo\/image\/\",\"url\":\"https:\/\/eypar.com\/wp-content\/uploads\/2021\/12\/eypar-soluciones-almacenamiento.png\",\"contentUrl\":\"https:\/\/eypar.com\/wp-content\/uploads\/2021\/12\/eypar-soluciones-almacenamiento.png\",\"width\":304,\"height\":74,\"caption\":\"EYPAR\"},\"image\":{\"@id\":\"https:\/\/eypar.com\/#\/schema\/logo\/image\/\"}}]}<\/script>\n<!-- \/ Yoast SEO plugin. -->","yoast_head_json":{"title":"Contacte - EYPAR","robots":{"index":"index","follow":"follow","max-snippet":"max-snippet:-1","max-image-preview":"max-image-preview:large","max-video-preview":"max-video-preview:-1"},"canonical":"https:\/\/eypar.com\/contacto\/?lang=ca","og_locale":"ca_ES","og_type":"article","og_title":"Contacte - EYPAR","og_description":"Contacte Rep m\u00e9s informaci\u00f3 sobre serveis, productes o qualsevol altra consultaT. 900 507 203Email eypar@eypar.comCtra. N-547, km 44 - 15800 Melide (La Coru\u00f1a)T. 981 507 203Ctra. Santa Creu de Calafell 38 - Entl. 2do - 08850 Gav\u00e0T. 933 007 331 | eyparbcn@eypar.es","og_url":"https:\/\/eypar.com\/contacto\/?lang=ca","og_site_name":"EYPAR","article_modified_time":"2022-07-08T12:38:00+00:00","twitter_card":"summary_large_image","twitter_misc":{"Temps estimat de lectura":"4 minuts"},"schema":{"@context":"https:\/\/schema.org","@graph":[{"@type":"WebPage","@id":"https:\/\/eypar.com\/contacto\/?lang=ca","url":"https:\/\/eypar.com\/contacto\/?lang=ca","name":"Contacte - EYPAR","isPartOf":{"@id":"https:\/\/eypar.com\/#website"},"datePublished":"2021-12-07T13:23:31+00:00","dateModified":"2022-07-08T12:38:00+00:00","breadcrumb":{"@id":"https:\/\/eypar.com\/contacto\/?lang=ca#breadcrumb"},"inLanguage":"ca","potentialAction":[{"@type":"ReadAction","target":["https:\/\/eypar.com\/contacto\/?lang=ca"]}]},{"@type":"BreadcrumbList","@id":"https:\/\/eypar.com\/contacto\/?lang=ca#breadcrumb","itemListElement":[{"@type":"ListItem","position":1,"name":"Inicio","item":"https:\/\/eypar.com\/ca\/"},{"@type":"ListItem","position":2,"name":"Contacte"}]},{"@type":"WebSite","@id":"https:\/\/eypar.com\/#website","url":"https:\/\/eypar.com\/","name":"EYPAR","description":"","publisher":{"@id":"https:\/\/eypar.com\/#organization"},"potentialAction":[{"@type":"SearchAction","target":{"@type":"EntryPoint","urlTemplate":"https:\/\/eypar.com\/?s={search_term_string}"},"query-input":{"@type":"PropertyValueSpecification","valueRequired":true,"valueName":"search_term_string"}}],"inLanguage":"ca"},{"@type":"Organization","@id":"https:\/\/eypar.com\/#organization","name":"EYPAR","url":"https:\/\/eypar.com\/","logo":{"@type":"ImageObject","inLanguage":"ca","@id":"https:\/\/eypar.com\/#\/schema\/logo\/image\/","url":"https:\/\/eypar.com\/wp-content\/uploads\/2021\/12\/eypar-soluciones-almacenamiento.png","contentUrl":"https:\/\/eypar.com\/wp-content\/uploads\/2021\/12\/eypar-soluciones-almacenamiento.png","width":304,"height":74,"caption":"EYPAR"},"image":{"@id":"https:\/\/eypar.com\/#\/schema\/logo\/image\/"}}]}},"_links":{"self":[{"href":"https:\/\/eypar.com\/ca\/wp-json\/wp\/v2\/pages\/4291"}],"collection":[{"href":"https:\/\/eypar.com\/ca\/wp-json\/wp\/v2\/pages"}],"about":[{"href":"https:\/\/eypar.com\/ca\/wp-json\/wp\/v2\/types\/page"}],"author":[{"embeddable":true,"href":"https:\/\/eypar.com\/ca\/wp-json\/wp\/v2\/users\/1"}],"replies":[{"embeddable":true,"href":"https:\/\/eypar.com\/ca\/wp-json\/wp\/v2\/comments?post=4291"}],"version-history":[{"count":2,"href":"https:\/\/eypar.com\/ca\/wp-json\/wp\/v2\/pages\/4291\/revisions"}],"predecessor-version":[{"id":4728,"href":"https:\/\/eypar.com\/ca\/wp-json\/wp\/v2\/pages\/4291\/revisions\/4728"}],"wp:attachment":[{"href":"https:\/\/eypar.com\/ca\/wp-json\/wp\/v2\/media?parent=4291"}],"curies":[{"name":"wp","href":"https:\/\/api.w.org\/{rel}","templated":true}]}}