{"id":4282,"date":"2021-12-09T12:55:48","date_gmt":"2021-12-09T12:55:48","guid":{"rendered":"https:\/\/eypar.com\/ofikit\/"},"modified":"2022-10-13T10:45:17","modified_gmt":"2022-10-13T10:45:17","slug":"ofikit","status":"publish","type":"page","link":"https:\/\/eypar.com\/ca\/soluciones\/ofikit\/","title":{"rendered":"OFIKIT"},"content":{"rendered":"<p>[et_pb_section fb_built=&#8221;1&#8243; custom_padding_last_edited=&#8221;on|phone&#8221; _builder_version=&#8221;4.16&#8243; _module_preset=&#8221;default&#8221; use_background_color_gradient=&#8221;on&#8221; background_color_gradient_stops=&#8221;rgba(39,37,38,0.48) 0%|rgba(39,37,38,0.44) 100%&#8221; background_color_gradient_overlays_image=&#8221;on&#8221; background_color_gradient_start=&#8221;rgba(39,37,38,0.48)&#8221; background_color_gradient_end=&#8221;rgba(39,37,38,0.44)&#8221; background_image=&#8221;https:\/\/eypar.com\/wp-content\/uploads\/2021\/12\/bg-tit-ofikit.jpg&#8221; custom_margin=&#8221;0px||0px||false|false&#8221; custom_padding=&#8221;250px||100px||false|false&#8221; custom_padding_tablet=&#8221;&#8221; custom_padding_phone=&#8221;150px||100px||false|false&#8221; bottom_divider_style=&#8221;curve&#8221; bottom_divider_color=&#8221;#FFFFFF&#8221; global_colors_info=&#8221;{}&#8221;][et_pb_row _builder_version=&#8221;4.16&#8243; _module_preset=&#8221;default&#8221; custom_margin=&#8221;0px||0px||false|false&#8221; custom_padding=&#8221;0px||0px||false|false&#8221; global_colors_info=&#8221;{}&#8221;][et_pb_column type=&#8221;4_4&#8243; _builder_version=&#8221;4.16&#8243; _module_preset=&#8221;default&#8221; global_colors_info=&#8221;{}&#8221;][et_pb_text _builder_version=&#8221;4.16&#8243; _module_preset=&#8221;default&#8221; text_font=&#8221;|300|||||||&#8221; text_text_color=&#8221;#FFFFFF&#8221; text_font_size=&#8221;28px&#8221; header_font=&#8221;|700|||||||&#8221; header_text_align=&#8221;center&#8221; header_text_color=&#8221;#FFFFFF&#8221; header_font_size=&#8221;60px&#8221; header_line_height=&#8221;1.2em&#8221; text_orientation=&#8221;center&#8221; animation_style=&#8221;slide&#8221; animation_direction=&#8221;top&#8221; header_font_size_tablet=&#8221;40px&#8221; header_font_size_phone=&#8221;35px&#8221; header_font_size_last_edited=&#8221;on|phone&#8221; global_colors_info=&#8221;{}&#8221;]<\/p>\n<h1>Ofi-Kit<\/h1>\n<p>Armaris m\u00f2bils d&#8217;oficina.<\/p>\n<p>[\/et_pb_text][\/et_pb_column][\/et_pb_row][\/et_pb_section][et_pb_section fb_built=&#8221;1&#8243; _builder_version=&#8221;4.16&#8243; _module_preset=&#8221;default&#8221; global_colors_info=&#8221;{}&#8221;][et_pb_row column_structure=&#8221;3_5,2_5&#8243; _builder_version=&#8221;4.16&#8243; _module_preset=&#8221;default&#8221; global_colors_info=&#8221;{}&#8221;][et_pb_column type=&#8221;3_5&#8243; _builder_version=&#8221;4.16&#8243; _module_preset=&#8221;default&#8221; global_colors_info=&#8221;{}&#8221;][et_pb_text _builder_version=&#8221;4.17.4&#8243; _module_preset=&#8221;default&#8221; text_font_size=&#8221;18px&#8221; text_line_height=&#8221;1.4em&#8221; header_2_text_color=&#8221;#81BA50&#8243; header_2_font_size=&#8221;28px&#8221; hover_enabled=&#8221;0&#8243; global_colors_info=&#8221;{}&#8221; sticky_enabled=&#8221;0&#8243;]<\/p>\n<h2>Un armari m\u00f2bil d&#8217;oficina.<\/h2>\n<p style=\"text-align: justify;\">Armaris m\u00f2bils d&#8217;oficina m\u00f2bils Mini-compacte dissenyats per a l&#8217;aprofitament d&#8217;espais de dimensions redu\u00efdes.<\/p>\n<p style=\"text-align: justify;\">Disposa de diversos accessoris per a permetre l&#8217;emmagatzematge de diferents tipus d&#8217;elements com a carpetes penjants, caixes d&#8217;arxiu, bastidors telesc\u00f2pics per a suports audiovisuals, etc.<\/p>\n<p style=\"text-align: justify;\">Es despla\u00e7a de manera manual, en efectuar una lleugera pressi\u00f3 sobre un tirador situat en la seva part frontal. La base de rodadura est\u00e0 formada per dos perfils d&#8217;alumini amb rampa d&#8217;acc\u00e9s per a evitar ensopegades. A l\u2019espai interior entre tots dos perfils es col\u00b7loca una tarima amb acabat plastificat.<\/p>\n<p style=\"text-align: justify;\">L&#8217;element base (configuraci\u00f3 m\u00ednima) est\u00e0 compost per un m\u00f2dul simple fix, un m\u00f2dul dobles m\u00f2bil i un m\u00f2dul simple de tancament. El conjunt pot ampliar-se incorporant elements doble m\u00f2bils.<\/p>\n<p>[\/et_pb_text][et_pb_blurb title=&#8221;Muntatge senzill&#8221; use_icon=&#8221;on&#8221; font_icon=&#8221;&#x52;||divi||400&#8243; icon_placement=&#8221;left&#8221; image_icon_width=&#8221;40px&#8221; content_max_width=&#8221;100%&#8221; _builder_version=&#8221;4.16&#8243; _module_preset=&#8221;default&#8221; header_text_align=&#8221;left&#8221; header_text_color=&#8221;#81BA50&#8243; header_font_size=&#8221;22px&#8221; body_text_align=&#8221;left&#8221; body_font_size=&#8221;18px&#8221; body_line_height=&#8221;1.4em&#8221; custom_margin=&#8221;||0px||false|false&#8221; custom_padding=&#8221;||20px||false|false&#8221; icon_font_size=&#8221;40px&#8221; global_colors_info=&#8221;{}&#8221;]<\/p>\n<p style=\"text-align: justify;\">Per a la instal\u00b7laci\u00f3 d&#8217;arxivadors d&#8217;oficina no es requereix de cap tipus d&#8217;obra. El seu muntatge \u00e9s simple i facilita possibles trasllats.<\/p>\n<p>[\/et_pb_blurb][et_pb_blurb title=&#8221;Sistema de cierre general&#8221; use_icon=&#8221;on&#8221; font_icon=&#8221;&#x52;||divi||400&#8243; icon_placement=&#8221;left&#8221; image_icon_width=&#8221;40px&#8221; content_max_width=&#8221;100%&#8221; _builder_version=&#8221;4.17.4&#8243; _module_preset=&#8221;default&#8221; header_text_align=&#8221;left&#8221; header_text_color=&#8221;#81BA50&#8243; header_font_size=&#8221;22px&#8221; body_text_align=&#8221;left&#8221; body_font_size=&#8221;18px&#8221; body_line_height=&#8221;1.4em&#8221; custom_margin=&#8221;||0px||false|false&#8221; custom_padding=&#8221;||20px||false|false&#8221; hover_enabled=&#8221;0&#8243; icon_font_size=&#8221;40px&#8221; global_colors_info=&#8221;{}&#8221; sticky_enabled=&#8221;0&#8243;]<\/p>\n<p style=\"text-align: justify;\">S&#8217;ofereix l&#8217;opci\u00f3 d&#8217;instal\u00b7lar un armari m\u00f2bil amb clau. Cada grup de prestatgeries m\u00f2bils incorpora un sistema de tancament general amb clau que permet el bloqueig, evitant l&#8217;entrada de la llum i la pols.<\/p>\n<p>[\/et_pb_blurb][et_pb_blurb title=&#8221;Diferents acabats&#8221; use_icon=&#8221;on&#8221; font_icon=&#8221;&#x52;||divi||400&#8243; icon_placement=&#8221;left&#8221; image_icon_width=&#8221;40px&#8221; content_max_width=&#8221;100%&#8221; _builder_version=&#8221;4.16&#8243; _module_preset=&#8221;default&#8221; header_text_align=&#8221;left&#8221; header_text_color=&#8221;#81BA50&#8243; header_font_size=&#8221;22px&#8221; body_text_align=&#8221;left&#8221; body_font_size=&#8221;18px&#8221; body_line_height=&#8221;1.4em&#8221; custom_margin=&#8221;||0px||false|false&#8221; custom_padding=&#8221;||20px||false|false&#8221; icon_font_size=&#8221;40px&#8221; global_colors_info=&#8221;{}&#8221;]<\/p>\n<p style=\"text-align: justify;\">Els armaris m\u00f2bils d&#8217;oficina disposen de diferents acabats exteriors a fi de facilitar la seva integraci\u00f3 en els diferents entorns. El vinilat, un d&#8217;ells, permet la incorporaci\u00f3 d&#8217;imatges o logotips corporatius.<\/p>\n<p>[\/et_pb_blurb][et_pb_blurb title=&#8221;Dimensions&#8221; use_icon=&#8221;on&#8221; font_icon=&#8221;&#x52;||divi||400&#8243; icon_placement=&#8221;left&#8221; image_icon_width=&#8221;40px&#8221; content_max_width=&#8221;100%&#8221; _builder_version=&#8221;4.17.4&#8243; _module_preset=&#8221;default&#8221; header_text_align=&#8221;left&#8221; header_text_color=&#8221;#81BA50&#8243; header_font_size=&#8221;22px&#8221; body_text_align=&#8221;left&#8221; body_font_size=&#8221;18px&#8221; body_line_height=&#8221;1.4em&#8221; custom_margin=&#8221;||0px||false|false&#8221; custom_padding=&#8221;||20px||false|false&#8221; hover_enabled=&#8221;0&#8243; icon_font_size=&#8221;40px&#8221; global_colors_info=&#8221;{}&#8221; sticky_enabled=&#8221;0&#8243;]<\/p>\n<p style=\"text-align: justify;\">Els armaris m\u00f2bils es fabriquen a mida en funci\u00f3 de les necessitats de cada usuari.<\/p>\n<p>[\/et_pb_blurb][\/et_pb_column][et_pb_column type=&#8221;2_5&#8243; _builder_version=&#8221;4.16&#8243; _module_preset=&#8221;default&#8221; global_colors_info=&#8221;{}&#8221;][et_pb_image src=&#8221;https:\/\/eypar.com\/wp-content\/uploads\/2021\/12\/eypar-ofikit.jpg&#8221; alt=&#8221;Eypar Ofikit&#8221; title_text=&#8221;Eypar Ofikit&#8221; align=&#8221;center&#8221; _builder_version=&#8221;4.16&#8243; _module_preset=&#8221;default&#8221; border_radii=&#8221;on|30px|30px|30px|30px&#8221; global_colors_info=&#8221;{}&#8221;][\/et_pb_image][et_pb_gallery gallery_ids=&#8221;798,799,800,802,803&#8243; posts_number=&#8221;100&#8243; show_title_and_caption=&#8221;off&#8221; show_pagination=&#8221;off&#8221; module_class=&#8221;galeria-prod&#8221; _builder_version=&#8221;4.16&#8243; _module_preset=&#8221;default&#8221; global_colors_info=&#8221;{}&#8221;][\/et_pb_gallery][\/et_pb_column][\/et_pb_row][\/et_pb_section][et_pb_section fb_built=&#8221;1&#8243; _builder_version=&#8221;4.16&#8243; _module_preset=&#8221;default&#8221; custom_margin=&#8221;0px||0px||false|false&#8221; custom_padding=&#8221;0px||0px||false|false&#8221; global_colors_info=&#8221;{}&#8221;][et_pb_row _builder_version=&#8221;4.16&#8243; _module_preset=&#8221;default&#8221; custom_margin=&#8221;||0px||false|false&#8221; custom_padding=&#8221;||0px||false|false&#8221; global_colors_info=&#8221;{}&#8221;][et_pb_column type=&#8221;4_4&#8243; _builder_version=&#8221;4.16&#8243; _module_preset=&#8221;default&#8221; global_colors_info=&#8221;{}&#8221;][et_pb_text _builder_version=&#8221;4.16&#8243; _module_preset=&#8221;default&#8221; header_2_font=&#8221;|300|||||||&#8221; header_2_text_align=&#8221;right&#8221; header_2_text_color=&#8221;#81BA50&#8243; header_2_font_size=&#8221;72px&#8221; header_2_line_height=&#8221;1.2em&#8221; animation_style=&#8221;slide&#8221; animation_direction=&#8221;right&#8221; header_2_font_size_tablet=&#8221;60px&#8221; header_2_font_size_phone=&#8221;50px&#8221; header_2_font_size_last_edited=&#8221;on|tablet&#8221; custom_css_before=&#8221;width: calc(100% &#8211; 400px);||margin-top: 65px;||content:%22 %22;||display:block;||float:left;||border-top:3px solid #e6e6e6;&#8221; global_colors_info=&#8221;{}&#8221;]<\/p>\n<h2>Soluci\u00f3ns<\/h2>\n<p>[\/et_pb_text][\/et_pb_column][\/et_pb_row][et_pb_row module_class=&#8221;listado-productos&#8221; _builder_version=&#8221;4.10.8&#8243; _module_preset=&#8221;default&#8221; global_module=&#8221;1541&#8243; global_colors_info=&#8221;{}&#8221;][et_pb_column type=&#8221;4_4&#8243; _builder_version=&#8221;4.16&#8243; _module_preset=&#8221;default&#8221; global_colors_info=&#8221;{}&#8221;][et_pb_blurb title=&#8221;E-Disc&#8221; alt=&#8221;EDISC Armarios Compactos&#8221; _builder_version=&#8221;4.16&#8243; _dynamic_attributes=&#8221;link_option_url&#8221; _module_preset=&#8221;default&#8221; header_font=&#8221;||||||||&#8221; header_text_align=&#8221;center&#8221; header_text_color=&#8221;#FFFFFF&#8221; header_font_size=&#8221;22px&#8221; header_line_height=&#8221;1.2em&#8221; background_image=&#8221;https:\/\/eypar.com\/wp-content\/uploads\/2021\/12\/edisc-armarios-compactos9.jpg&#8221; filter_saturate=&#8221;0%&#8221; animation_direction=&#8221;bottom&#8221; link_option_url=&#8221;@ET-DC@eyJkeW5hbWljIjp0cnVlLCJjb250ZW50IjoicG9zdF9saW5rX3VybF9wYWdlIiwic2V0dGluZ3MiOnsicG9zdF9pZCI6IjYwNSJ9fQ==@&#8221; custom_css_blurb_title=&#8221;margin-bottom:0px;||padding-bottom:0px;||&#8221; border_radii=&#8221;on|15px|15px|15px|15px&#8221; global_colors_info=&#8221;{}&#8221; background__hover_enabled=&#8221;on|hover&#8221; background_color_gradient_overlays_image__hover=&#8221;on&#8221; filter_saturate__hover=&#8221;100%&#8221; filter_saturate__hover_enabled=&#8221;on|desktop&#8221;][\/et_pb_blurb][et_pb_blurb title=&#8221;E-Logic&#8221; alt=&#8221;E-LOGIC&#8221; _builder_version=&#8221;4.16&#8243; _dynamic_attributes=&#8221;link_option_url&#8221; _module_preset=&#8221;default&#8221; header_font=&#8221;||||||||&#8221; header_text_align=&#8221;center&#8221; header_text_color=&#8221;#FFFFFF&#8221; header_font_size=&#8221;22px&#8221; header_line_height=&#8221;1.2em&#8221; background_image=&#8221;https:\/\/eypar.com\/wp-content\/uploads\/2021\/12\/E-LOGIC.jpg&#8221; filter_saturate=&#8221;0%&#8221; animation_direction=&#8221;bottom&#8221; link_option_url=&#8221;@ET-DC@eyJkeW5hbWljIjp0cnVlLCJjb250ZW50IjoicG9zdF9saW5rX3VybF9wYWdlIiwic2V0dGluZ3MiOnsicG9zdF9pZCI6IjcyMSJ9fQ==@&#8221; custom_css_blurb_title=&#8221;margin-bottom:0px;||padding-bottom:0px;||&#8221; border_radii=&#8221;on|15px|15px|15px|15px&#8221; global_colors_info=&#8221;{}&#8221; background__hover_enabled=&#8221;on|hover&#8221; background_color_gradient_end__hover=&#8221;rgba(39,37,38,0.64)&#8221; use_background_color_gradient__hover=&#8221;off&#8221; background_color_gradient_start__hover=&#8221;rgba(39,37,38,0.66)&#8221; background_color_gradient_overlays_image__hover=&#8221;on&#8221; filter_saturate__hover=&#8221;100%&#8221; filter_saturate__hover_enabled=&#8221;on|desktop&#8221; background_color_gradient_stops__hover=&#8221;rgba(39,37,38,0.66) 0%|rgba(39,37,38,0.64) 100%&#8221;][\/et_pb_blurb][et_pb_blurb title=&#8221;Ofi-Kit&#8221; alt=&#8221;Eypar Ofikit&#8221; _builder_version=&#8221;4.16&#8243; _dynamic_attributes=&#8221;link_option_url&#8221; _module_preset=&#8221;default&#8221; header_font=&#8221;||||||||&#8221; header_text_align=&#8221;center&#8221; header_text_color=&#8221;#FFFFFF&#8221; header_font_size=&#8221;22px&#8221; header_line_height=&#8221;1.2em&#8221; background_image=&#8221;https:\/\/eypar.com\/wp-content\/uploads\/2021\/12\/eypar-ofikit.jpg&#8221; filter_saturate=&#8221;0%&#8221; link_option_url=&#8221;@ET-DC@eyJkeW5hbWljIjp0cnVlLCJjb250ZW50IjoicG9zdF9saW5rX3VybF9wYWdlIiwic2V0dGluZ3MiOnsicG9zdF9pZCI6IjcyNCJ9fQ==@&#8221; custom_css_blurb_title=&#8221;margin-bottom:0px;||padding-bottom:0px;||&#8221; border_radii=&#8221;on|15px|15px|15px|15px&#8221; global_colors_info=&#8221;{}&#8221; background__hover_enabled=&#8221;on|hover&#8221; background_color_gradient_end__hover=&#8221;rgba(39,37,38,0.64)&#8221; use_background_color_gradient__hover=&#8221;off&#8221; background_color_gradient_start__hover=&#8221;rgba(39,37,38,0.66)&#8221; background_color_gradient_overlays_image__hover=&#8221;on&#8221; filter_saturate__hover=&#8221;100%&#8221; filter_saturate__hover_enabled=&#8221;on|desktop&#8221; background_color_gradient_stops__hover=&#8221;rgba(39,37,38,0.66) 0%|rgba(39,37,38,0.64) 100%&#8221;][\/et_pb_blurb][et_pb_blurb title=&#8221;BlockArt&#8221; alt=&#8221;Eypar Blockart&#8221; _builder_version=&#8221;4.16&#8243; _dynamic_attributes=&#8221;link_option_url&#8221; _module_preset=&#8221;default&#8221; header_font=&#8221;||||||||&#8221; header_text_align=&#8221;center&#8221; header_text_color=&#8221;#FFFFFF&#8221; header_font_size=&#8221;22px&#8221; header_line_height=&#8221;1.2em&#8221; background_image=&#8221;https:\/\/eypar.com\/wp-content\/uploads\/2021\/12\/eypar-blockart.jpg&#8221; filter_saturate=&#8221;0%&#8221; link_option_url=&#8221;@ET-DC@eyJkeW5hbWljIjp0cnVlLCJjb250ZW50IjoicG9zdF9saW5rX3VybF9wYWdlIiwic2V0dGluZ3MiOnsicG9zdF9pZCI6IjcyNiJ9fQ==@&#8221; custom_css_blurb_title=&#8221;margin-bottom:0px;||padding-bottom:0px;||&#8221; border_radii=&#8221;on|15px|15px|15px|15px&#8221; global_colors_info=&#8221;{}&#8221; background__hover_enabled=&#8221;on|hover&#8221; background_color_gradient_end__hover=&#8221;rgba(39,37,38,0.64)&#8221; use_background_color_gradient__hover=&#8221;off&#8221; background_color_gradient_start__hover=&#8221;rgba(39,37,38,0.66)&#8221; background_color_gradient_overlays_image__hover=&#8221;on&#8221; filter_saturate__hover=&#8221;100%&#8221; filter_saturate__hover_enabled=&#8221;on|desktop&#8221; background_color_gradient_stops__hover=&#8221;rgba(39,37,38,0.66) 0%|rgba(39,37,38,0.64) 100%&#8221;][\/et_pb_blurb][et_pb_blurb title=&#8221;E-Fix&#8221; alt=&#8221;Eypar Efix&#8221; _builder_version=&#8221;4.16&#8243; _dynamic_attributes=&#8221;link_option_url&#8221; _module_preset=&#8221;default&#8221; header_font=&#8221;||||||||&#8221; header_text_align=&#8221;center&#8221; header_text_color=&#8221;#FFFFFF&#8221; header_font_size=&#8221;22px&#8221; header_line_height=&#8221;1.2em&#8221; background_image=&#8221;https:\/\/eypar.com\/wp-content\/uploads\/2021\/12\/eypar-efix.jpg&#8221; filter_saturate=&#8221;0%&#8221; link_option_url=&#8221;@ET-DC@eyJkeW5hbWljIjp0cnVlLCJjb250ZW50IjoicG9zdF9saW5rX3VybF9wYWdlIiwic2V0dGluZ3MiOnsicG9zdF9pZCI6IjcyOCJ9fQ==@&#8221; custom_css_blurb_title=&#8221;margin-bottom:0px;||padding-bottom:0px;||&#8221; border_radii=&#8221;on|15px|15px|15px|15px&#8221; global_colors_info=&#8221;{}&#8221; background__hover_enabled=&#8221;on|hover&#8221; background_color_gradient_end__hover=&#8221;rgba(39,37,38,0.64)&#8221; use_background_color_gradient__hover=&#8221;off&#8221; background_color_gradient_start__hover=&#8221;rgba(39,37,38,0.66)&#8221; background_color_gradient_overlays_image__hover=&#8221;on&#8221; filter_saturate__hover_enabled=&#8221;on|desktop&#8221; filter_saturate__hover=&#8221;100%&#8221; background_color_gradient_stops__hover=&#8221;rgba(39,37,38,0.66) 0%|rgba(39,37,38,0.64) 100%&#8221;][\/et_pb_blurb][et_pb_blurb title=&#8221;Standbook&#8221; alt=&#8221;Eypar Standbook&#8221; _builder_version=&#8221;4.16&#8243; _dynamic_attributes=&#8221;link_option_url&#8221; _module_preset=&#8221;default&#8221; header_font=&#8221;||||||||&#8221; header_text_align=&#8221;center&#8221; header_text_color=&#8221;#FFFFFF&#8221; header_font_size=&#8221;22px&#8221; header_line_height=&#8221;1.2em&#8221; background_image=&#8221;https:\/\/eypar.com\/wp-content\/uploads\/2021\/12\/eypar-standbox.jpg&#8221; filter_saturate=&#8221;0%&#8221; link_option_url=&#8221;@ET-DC@eyJkeW5hbWljIjp0cnVlLCJjb250ZW50IjoicG9zdF9saW5rX3VybF9wYWdlIiwic2V0dGluZ3MiOnsicG9zdF9pZCI6IjczMSJ9fQ==@&#8221; filter_saturate_last_edited=&#8221;off|desktop&#8221; custom_css_blurb_title=&#8221;margin-bottom:0px;||padding-bottom:0px;||&#8221; border_radii=&#8221;on|15px|15px|15px|15px&#8221; global_colors_info=&#8221;{}&#8221; background__hover_enabled=&#8221;on|hover&#8221; background_color_gradient_end__hover=&#8221;rgba(39,37,38,0.64)&#8221; use_background_color_gradient__hover=&#8221;off&#8221; background_color_gradient_start__hover=&#8221;rgba(39,37,38,0.66)&#8221; background_color_gradient_overlays_image__hover=&#8221;on&#8221; filter_saturate__hover_enabled=&#8221;on|hover&#8221; filter_saturate__hover=&#8221;103%&#8221; background_color_gradient_stops__hover=&#8221;rgba(39,37,38,0.66) 0%|rgba(39,37,38,0.64) 100%&#8221;][\/et_pb_blurb][\/et_pb_column][\/et_pb_row][\/et_pb_section]<\/p>\n","protected":false},"excerpt":{"rendered":"<p>Ofi-Kit Armaris m\u00f2bils d&#8217;oficina.Un armari m\u00f2bil d&#8217;oficina. Armaris m\u00f2bils d&#8217;oficina m\u00f2bils Mini-compacte dissenyats per a l&#8217;aprofitament d&#8217;espais de dimensions redu\u00efdes. Disposa de diversos accessoris per a permetre l&#8217;emmagatzematge de diferents tipus d&#8217;elements com a carpetes penjants, caixes d&#8217;arxiu, bastidors telesc\u00f2pics per a suports audiovisuals, etc. Es despla\u00e7a de manera manual, en efectuar una lleugera pressi\u00f3 [&hellip;]<\/p>\n","protected":false},"author":1,"featured_media":0,"parent":4294,"menu_order":0,"comment_status":"closed","ping_status":"closed","template":"","meta":{"_acf_changed":false,"_et_pb_use_builder":"on","_et_pb_old_content":"","_et_gb_content_width":"","footnotes":""},"class_list":["post-4282","page","type-page","status-publish","hentry"],"acf":[],"yoast_head":"<!-- This site is optimized with the Yoast SEO plugin v25.2 - https:\/\/yoast.com\/wordpress\/plugins\/seo\/ -->\n<title>Armarios m\u00f3viles | Todos los tipos de armarios m\u00f3viles para oficina<\/title>\n<meta name=\"description\" content=\"Aprovecha al m\u00e1ximo el espacio con los armarios m\u00f3viles que mejor se adapten a ti: armario de oficina con llave o armario de oficina con puerta corredera.\" \/>\n<meta name=\"robots\" content=\"index, follow, max-snippet:-1, max-image-preview:large, max-video-preview:-1\" \/>\n<link rel=\"canonical\" href=\"https:\/\/eypar.com\/soluciones\/ofikit\/\" \/>\n<meta property=\"og:locale\" content=\"ca_ES\" \/>\n<meta property=\"og:type\" content=\"article\" \/>\n<meta property=\"og:title\" content=\"Armarios m\u00f3viles | Todos los tipos de armarios m\u00f3viles para oficina\" \/>\n<meta property=\"og:description\" content=\"Aprovecha al m\u00e1ximo el espacio con los armarios m\u00f3viles que mejor se adapten a ti: armario de oficina con llave o armario de oficina con puerta corredera.\" \/>\n<meta property=\"og:url\" content=\"https:\/\/eypar.com\/soluciones\/ofikit\/\" \/>\n<meta property=\"og:site_name\" content=\"EYPAR\" \/>\n<meta property=\"article:modified_time\" content=\"2022-10-13T10:45:17+00:00\" \/>\n<meta name=\"twitter:card\" content=\"summary_large_image\" \/>\n<meta name=\"twitter:label1\" content=\"Temps estimat de lectura\" \/>\n\t<meta name=\"twitter:data1\" content=\"9 minuts\" \/>\n<script type=\"application\/ld+json\" class=\"yoast-schema-graph\">{\"@context\":\"https:\/\/schema.org\",\"@graph\":[{\"@type\":\"WebPage\",\"@id\":\"https:\/\/eypar.com\/soluciones\/ofikit\/\",\"url\":\"https:\/\/eypar.com\/soluciones\/ofikit\/\",\"name\":\"Armarios m\u00f3viles | Todos los tipos de armarios m\u00f3viles para oficina\",\"isPartOf\":{\"@id\":\"https:\/\/eypar.com\/#website\"},\"datePublished\":\"2021-12-09T12:55:48+00:00\",\"dateModified\":\"2022-10-13T10:45:17+00:00\",\"description\":\"Aprovecha al m\u00e1ximo el espacio con los armarios m\u00f3viles que mejor se adapten a ti: armario de oficina con llave o armario de oficina con puerta corredera.\",\"breadcrumb\":{\"@id\":\"https:\/\/eypar.com\/soluciones\/ofikit\/#breadcrumb\"},\"inLanguage\":\"ca\",\"potentialAction\":[{\"@type\":\"ReadAction\",\"target\":[\"https:\/\/eypar.com\/soluciones\/ofikit\/\"]}]},{\"@type\":\"BreadcrumbList\",\"@id\":\"https:\/\/eypar.com\/soluciones\/ofikit\/#breadcrumb\",\"itemListElement\":[{\"@type\":\"ListItem\",\"position\":1,\"name\":\"Inicio\",\"item\":\"https:\/\/eypar.com\/ca\/\"},{\"@type\":\"ListItem\",\"position\":2,\"name\":\"Solucions\",\"item\":\"https:\/\/eypar.com\/soluciones\/?lang=ca\"},{\"@type\":\"ListItem\",\"position\":3,\"name\":\"OFIKIT\"}]},{\"@type\":\"WebSite\",\"@id\":\"https:\/\/eypar.com\/#website\",\"url\":\"https:\/\/eypar.com\/\",\"name\":\"EYPAR\",\"description\":\"\",\"publisher\":{\"@id\":\"https:\/\/eypar.com\/#organization\"},\"potentialAction\":[{\"@type\":\"SearchAction\",\"target\":{\"@type\":\"EntryPoint\",\"urlTemplate\":\"https:\/\/eypar.com\/?s={search_term_string}\"},\"query-input\":{\"@type\":\"PropertyValueSpecification\",\"valueRequired\":true,\"valueName\":\"search_term_string\"}}],\"inLanguage\":\"ca\"},{\"@type\":\"Organization\",\"@id\":\"https:\/\/eypar.com\/#organization\",\"name\":\"EYPAR\",\"url\":\"https:\/\/eypar.com\/\",\"logo\":{\"@type\":\"ImageObject\",\"inLanguage\":\"ca\",\"@id\":\"https:\/\/eypar.com\/#\/schema\/logo\/image\/\",\"url\":\"https:\/\/eypar.com\/wp-content\/uploads\/2021\/12\/eypar-soluciones-almacenamiento.png\",\"contentUrl\":\"https:\/\/eypar.com\/wp-content\/uploads\/2021\/12\/eypar-soluciones-almacenamiento.png\",\"width\":304,\"height\":74,\"caption\":\"EYPAR\"},\"image\":{\"@id\":\"https:\/\/eypar.com\/#\/schema\/logo\/image\/\"}}]}<\/script>\n<!-- \/ Yoast SEO plugin. -->","yoast_head_json":{"title":"Armarios m\u00f3viles | Todos los tipos de armarios m\u00f3viles para oficina","description":"Aprovecha al m\u00e1ximo el espacio con los armarios m\u00f3viles que mejor se adapten a ti: armario de oficina con llave o armario de oficina con puerta corredera.","robots":{"index":"index","follow":"follow","max-snippet":"max-snippet:-1","max-image-preview":"max-image-preview:large","max-video-preview":"max-video-preview:-1"},"canonical":"https:\/\/eypar.com\/soluciones\/ofikit\/","og_locale":"ca_ES","og_type":"article","og_title":"Armarios m\u00f3viles | Todos los tipos de armarios m\u00f3viles para oficina","og_description":"Aprovecha al m\u00e1ximo el espacio con los armarios m\u00f3viles que mejor se adapten a ti: armario de oficina con llave o armario de oficina con puerta corredera.","og_url":"https:\/\/eypar.com\/soluciones\/ofikit\/","og_site_name":"EYPAR","article_modified_time":"2022-10-13T10:45:17+00:00","twitter_card":"summary_large_image","twitter_misc":{"Temps estimat de lectura":"9 minuts"},"schema":{"@context":"https:\/\/schema.org","@graph":[{"@type":"WebPage","@id":"https:\/\/eypar.com\/soluciones\/ofikit\/","url":"https:\/\/eypar.com\/soluciones\/ofikit\/","name":"Armarios m\u00f3viles | Todos los tipos de armarios m\u00f3viles para oficina","isPartOf":{"@id":"https:\/\/eypar.com\/#website"},"datePublished":"2021-12-09T12:55:48+00:00","dateModified":"2022-10-13T10:45:17+00:00","description":"Aprovecha al m\u00e1ximo el espacio con los armarios m\u00f3viles que mejor se adapten a ti: armario de oficina con llave o armario de oficina con puerta corredera.","breadcrumb":{"@id":"https:\/\/eypar.com\/soluciones\/ofikit\/#breadcrumb"},"inLanguage":"ca","potentialAction":[{"@type":"ReadAction","target":["https:\/\/eypar.com\/soluciones\/ofikit\/"]}]},{"@type":"BreadcrumbList","@id":"https:\/\/eypar.com\/soluciones\/ofikit\/#breadcrumb","itemListElement":[{"@type":"ListItem","position":1,"name":"Inicio","item":"https:\/\/eypar.com\/ca\/"},{"@type":"ListItem","position":2,"name":"Solucions","item":"https:\/\/eypar.com\/soluciones\/?lang=ca"},{"@type":"ListItem","position":3,"name":"OFIKIT"}]},{"@type":"WebSite","@id":"https:\/\/eypar.com\/#website","url":"https:\/\/eypar.com\/","name":"EYPAR","description":"","publisher":{"@id":"https:\/\/eypar.com\/#organization"},"potentialAction":[{"@type":"SearchAction","target":{"@type":"EntryPoint","urlTemplate":"https:\/\/eypar.com\/?s={search_term_string}"},"query-input":{"@type":"PropertyValueSpecification","valueRequired":true,"valueName":"search_term_string"}}],"inLanguage":"ca"},{"@type":"Organization","@id":"https:\/\/eypar.com\/#organization","name":"EYPAR","url":"https:\/\/eypar.com\/","logo":{"@type":"ImageObject","inLanguage":"ca","@id":"https:\/\/eypar.com\/#\/schema\/logo\/image\/","url":"https:\/\/eypar.com\/wp-content\/uploads\/2021\/12\/eypar-soluciones-almacenamiento.png","contentUrl":"https:\/\/eypar.com\/wp-content\/uploads\/2021\/12\/eypar-soluciones-almacenamiento.png","width":304,"height":74,"caption":"EYPAR"},"image":{"@id":"https:\/\/eypar.com\/#\/schema\/logo\/image\/"}}]}},"_links":{"self":[{"href":"https:\/\/eypar.com\/ca\/wp-json\/wp\/v2\/pages\/4282"}],"collection":[{"href":"https:\/\/eypar.com\/ca\/wp-json\/wp\/v2\/pages"}],"about":[{"href":"https:\/\/eypar.com\/ca\/wp-json\/wp\/v2\/types\/page"}],"author":[{"embeddable":true,"href":"https:\/\/eypar.com\/ca\/wp-json\/wp\/v2\/users\/1"}],"replies":[{"embeddable":true,"href":"https:\/\/eypar.com\/ca\/wp-json\/wp\/v2\/comments?post=4282"}],"version-history":[{"count":4,"href":"https:\/\/eypar.com\/ca\/wp-json\/wp\/v2\/pages\/4282\/revisions"}],"predecessor-version":[{"id":5017,"href":"https:\/\/eypar.com\/ca\/wp-json\/wp\/v2\/pages\/4282\/revisions\/5017"}],"up":[{"embeddable":true,"href":"https:\/\/eypar.com\/ca\/wp-json\/wp\/v2\/pages\/4294"}],"wp:attachment":[{"href":"https:\/\/eypar.com\/ca\/wp-json\/wp\/v2\/media?parent=4282"}],"curies":[{"name":"wp","href":"https:\/\/api.w.org\/{rel}","templated":true}]}}